{"id":5,"date":"2022-01-24T21:40:01","date_gmt":"2022-01-24T21:40:01","guid":{"rendered":"http:\/\/gaestehaus-neumann.de\/?page_id=5"},"modified":"2022-01-25T16:49:49","modified_gmt":"2022-01-25T16:49:49","slug":"home","status":"publish","type":"page","link":"https:\/\/gaestehaus-neumann.de\/","title":{"rendered":"Home"},"content":{"rendered":"\n<p class=\"has-large-font-size\">Harzlich willkommen!<\/p>\n\n\n\n<p>Wir freuen uns, Sie auf unseren Seiten begr\u00fc\u00dfen zu d\u00fcrfen!<\/p>\n\n\n\n<p>Unsere 4-Sterne-Ferienwohnung l\u00e4dt im Sommer wie im Winter zu einem traumhaften Urlaub im sonnigen S\u00fcdharz ein. Au\u00dferdem k\u00f6nnen Sie sich in unseren drei G\u00e4stezimmern so richtig wohlf\u00fchlen. Kommen Sie einfach einmal vorbei und sehen Sie selbst!<\/p>\n\n\n\n<p>&nbsp;&nbsp;&nbsp;&nbsp;&nbsp;&nbsp;&nbsp;&nbsp;&nbsp;&nbsp;&nbsp;<em>Ihre Famile Neumann<\/em><\/p>\n","protected":false},"excerpt":{"rendered":"<p>Harzlich willkommen! Wir freuen uns, Sie auf unseren Seiten begr\u00fc\u00dfen zu d\u00fcrfen! Unsere 4-Sterne-Ferienwohnung l\u00e4dt im Sommer wie im Winter zu einem traumhaften Urlaub im sonnigen S\u00fcdharz ein. Au\u00dferdem k\u00f6nnen Sie sich in unseren drei G\u00e4stezimmern so richtig wohlf\u00fchlen. Kommen Sie einfach einmal vorbei und sehen Sie selbst! &nbsp;&nbsp;&nbsp;&nbsp;&nbsp;&nbsp;&nbsp;&nbsp;&nbsp;&nbsp;&nbsp;Ihre Famile Neumann<\/p>\n","protected":false},"author":1,"featured_media":0,"parent":0,"menu_order":0,"comment_status":"closed","ping_status":"closed","template":"","meta":{"ngg_post_thumbnail":0,"footnotes":""},"class_list":["post-5","page","type-page","status-publish","hentry"],"_links":{"self":[{"href":"https:\/\/gaestehaus-neumann.de\/index.php?rest_route=\/wp\/v2\/pages\/5"}],"collection":[{"href":"https:\/\/gaestehaus-neumann.de\/index.php?rest_route=\/wp\/v2\/pages"}],"about":[{"href":"https:\/\/gaestehaus-neumann.de\/index.php?rest_route=\/wp\/v2\/types\/page"}],"author":[{"embeddable":true,"href":"https:\/\/gaestehaus-neumann.de\/index.php?rest_route=\/wp\/v2\/users\/1"}],"replies":[{"embeddable":true,"href":"https:\/\/gaestehaus-neumann.de\/index.php?rest_route=%2Fwp%2Fv2%2Fcomments&post=5"}],"version-history":[{"count":5,"href":"https:\/\/gaestehaus-neumann.de\/index.php?rest_route=\/wp\/v2\/pages\/5\/revisions"}],"predecessor-version":[{"id":200,"href":"https:\/\/gaestehaus-neumann.de\/index.php?rest_route=\/wp\/v2\/pages\/5\/revisions\/200"}],"wp:attachment":[{"href":"https:\/\/gaestehaus-neumann.de\/index.php?rest_route=%2Fwp%2Fv2%2Fmedia&parent=5"}],"curies":[{"name":"wp","href":"https:\/\/api.w.org\/{rel}","templated":true}]}}